{"id":5,"date":"2023-10-28T09:52:07","date_gmt":"2023-10-28T09:52:07","guid":{"rendered":"https:\/\/wielickaoffice.pl\/?page_id=5"},"modified":"2025-10-07T16:32:28","modified_gmt":"2025-10-07T16:32:28","slug":"home","status":"publish","type":"page","link":"https:\/\/wielickaoffice.pl\/en\/","title":{"rendered":"Home"},"content":{"rendered":"","protected":false},"excerpt":{"rendered":"","protected":false},"author":1,"featured_media":0,"parent":0,"menu_order":0,"comment_status":"closed","ping_status":"closed","template":"","meta":{"_acf_changed":false,"om_disable_all_campaigns":false,"_uf_show_specific_survey":0,"_uf_disable_surveys":false,"footnotes":""},"acf":{"facebook_link":"https:\/\/www.facebook.com","header_content":"<h2>WIELICKA OFFICE<br \/>\nA place designed for your company!<\/h2>\n<p>Contact us to arrange a meeting and see what we have prepared for your business.<\/p>\n","header_download_cat":"https:\/\/wielickaoffice.pl\/wp-content\/uploads\/2024\/01\/wielicka_katalog_pl.pdf","section1_title":"Location","section1_content":"<p>The northern end of Wielicka Street, one of the main communication arteries of Krakow, is an incredibly dynamically developing business centre of the city and a meeting place for many companies and the flow of ideas enabling the growth of every business. Excellent communication allows you to quickly and easily get to any point of Krakow, including Kazimierz, the Old Town, the Main Railway Station or the airport, whether by car, bicycle, or public transport (buses and trams) and the agglomeration railway.<\/p>\n","section1_bg":446,"section2_title":"Building","section2_content":"<p>WIELICKA OFFICE is a combination of light modern form with elegance, ergonomics, and functionality.  The minimalist shape of the building pleases the eye: it has an airy simplicity, but at the same time, it catches the eye with detail and stands out with the materials used.  The facade is prepared from durable and dirt-resistant aluminum composite panels, aluminum window joinery and glass.  We focus on a very high standard of work, thanks to bright rooms, excellent thermal insulation, and acoustic comfort.<br \/>\nThe building will be surrounded by eye-friendly vegetation and small architecture elements.<\/p>\n","section2_bg":449,"section3_title":"Business Environment","section3_content":"<p>Podg\u00f3rze and its surroundings are gradually expanding in terms of offices, which ensures easy access to other entrepreneurs operating in the neighbourhood. Equal Business Park, as well as Hexagon office building are located next to WIELICKA OFFICE .  A little further away you can find Bonarka Shopping and Office Center, Enterprise Park, Orange Office, as well as numerous office buildings being built on Wadowicka Street. An additional advantage is also the hotel base with a smooth access to WIELICKA OFFICE, as well as the developed surrounding car parks, including those at the building itself, ready to accommodate up to 85 vehicles.<\/p>\n","section3_bg":447,"section_map_img":450,"section4_title":"Interiors","section4_content":"<p>WIELICKA OFFICE consists of a total of 5,700 m2 of building area, including nearly 4,300 m2 designated for purchase. The remaining part is an underground garage, which can accommodate 34 cars. In the emerging office building, there will be a total of 30 autonomous office-service premises, located on seven above-ground floors, easily accessible with high-speed, spacious elevators. All premises will be equipped with separate sanitary units, and will offer the possibility of individual planning of heating, air conditioning, and ventilation. Additionally, each of the premises will have the possibility to create an independent server room.<\/p>\n","gallery_loop":[{"gallery_item_large":574},{"gallery_item_large":575}],"section5_title":"Premises","section5_content":"<p>Almost 4,300 m2 of space for purchase!<\/p>\n","section5_bg":"https:\/\/wielickaoffice.pl\/wp-content\/uploads\/2023\/12\/PRO-v6-20C-F-min_new.jpg","tech_loop":[{"tech_item_title":"5 700 m2 of net usable area","tech_item_content":"7 above-ground floors and 1 underground floor; 85 parking spaces, including 34 in the garage"},{"tech_item_title":"Aluminum facade and window joinery","tech_item_content":"access to openable or tilting windows in each room; high level of acoustic and thermal insulation, high durability and reliability"},{"tech_item_title":"30 individual premises","tech_item_content":"4 on the ground floor, 6 on the first floor and 4 on each of the following floors; completely independent, with their own sanitary units"},{"tech_item_title":"User safety","tech_item_content":"CCTV monitoring system, access control, fire detectors,   LPG and CO detectors in the underground garage, security"},{"tech_item_title":"Individual heating system","tech_item_content":"using four-channel fan coil units, underfloor heating, and radiators"},{"tech_item_title":"Modern and spacious lifts","tech_item_content":"enhanced lifting speed; surface and load capacity allowing for the transport of large objects, e.g., furniture"}],"standard_file":"https:\/\/wielickaoffice.pl\/wp-content\/uploads\/2023\/12\/wielicka_karta_standardu_wykonczenia_102.pdf","gallery_loop_section6":[{"gallery_item":546},{"gallery_item":547},{"gallery_item":544},{"gallery_item":543},{"gallery_item":548},{"gallery_item":574},{"gallery_item":575}],"section7_title":"Developer","section7_content":"<p>The WIELICKA OFFICE investment is carried out by MERARI Sp. z o.o. \u2013 a company with many years of experience in investment and in the implementation of development projects. The knowledge gained from the completed investments guarantees the highest quality of execution, aesthetic, and functional standards, and timeliness.<\/p>\n<p class=\"mt20\">\n<p>We invite you to visit our website <a href=\"http:\/\/www.merari.pl\/\">www.merari.pl<\/a> , where we present our previous projects.<\/p>\n","section7_bg":454,"section7_logo":437,"section8_title":"Contact","contact1_content":"<p>MERARI Sp. z o.o.<br \/>\nul. Tar\u0142owska 12\/15, 31-102 Krak\u00f3w<br \/>\n<a href=\"tel:122650016\">tel: 12 265 00 16<\/a><br \/>\n<a href=\"tel: 604 100 967\">tel: 604 100 967<\/a><br \/>\n<a href=\"mailto:biuro@merari.pl\">biuro@merari.pl<\/a><br \/>\n<a href=\"mailto:sprzedaz@merari.pl\">sprzedaz@merari.pl<\/a><\/p>\n","contact2_content":"<p>Wielicka Office sp. z o. o.<br \/>\nul. Tar\u0142owska 12\/15<br \/>\n31-102 Krak\u00f3w<br \/>\n<a href=\"tel:122650016\">tel: 12 265 00 16<\/a><br \/>\n<a href=\"tel:604100967\">tel: 604 100 967<\/a><\/p>\n","catalog_icon":"https:\/\/wielickaoffice.pl\/wp-content\/uploads\/2023\/11\/katalog.png","section2_bg_mobile":449,"section3_bg_mobile":447,"section_map_img_mobile":450,"section7_bg_mobile":454,"section5_bg_mobile":"https:\/\/wielickaoffice.pl\/wp-content\/uploads\/2023\/12\/PRO-v6-20C-F-min_new.jpg","header_download_cat_eng":"https:\/\/wielickaoffice.pl\/wp-content\/uploads\/2024\/01\/wielicka_katalog_eng.pdf","standard_file_eng":"https:\/\/wielickaoffice.pl\/wp-content\/uploads\/2024\/01\/wielicka_karta_standardu_wykonczenia_eng_102-2.pdf","contact3_content":"<p>Wielicka Office sp. z o. o.<br \/>\nKRS: 0000992974<br \/>\nNIP: 6762626072<br \/>\nKapita\u0142 zak\u0142adowy: 5000z\u0142<\/p>\n"},"aioseo_notices":[],"_links":{"self":[{"href":"https:\/\/wielickaoffice.pl\/en\/wp-json\/wp\/v2\/pages\/5"}],"collection":[{"href":"https:\/\/wielickaoffice.pl\/en\/wp-json\/wp\/v2\/pages"}],"about":[{"href":"https:\/\/wielickaoffice.pl\/en\/wp-json\/wp\/v2\/types\/page"}],"author":[{"embeddable":true,"href":"https:\/\/wielickaoffice.pl\/en\/wp-json\/wp\/v2\/users\/1"}],"replies":[{"embeddable":true,"href":"https:\/\/wielickaoffice.pl\/en\/wp-json\/wp\/v2\/comments?post=5"}],"version-history":[{"count":166,"href":"https:\/\/wielickaoffice.pl\/en\/wp-json\/wp\/v2\/pages\/5\/revisions"}],"predecessor-version":[{"id":583,"href":"https:\/\/wielickaoffice.pl\/en\/wp-json\/wp\/v2\/pages\/5\/revisions\/583"}],"wp:attachment":[{"href":"https:\/\/wielickaoffice.pl\/en\/wp-json\/wp\/v2\/media?parent=5"}],"curies":[{"name":"wp","href":"https:\/\/api.w.org\/{rel}","templated":true}]}}